{"id":140,"date":"2019-05-07T19:49:24","date_gmt":"2019-05-07T19:49:24","guid":{"rendered":"http:\/\/www.heuchelbergtrail.de\/?page_id=140"},"modified":"2023-07-07T06:37:47","modified_gmt":"2023-07-07T06:37:47","slug":"impressum","status":"publish","type":"page","link":"http:\/\/www.heuchelbergtrail.de\/?page_id=140","title":{"rendered":"\/\/IMPRESSUM"},"content":{"rendered":"\n<p><strong>VERANSTALTER &amp; AUSRICHTER<br><\/strong>Sportverein Leingarten 1895 e.V.<br>Egarten 2<br>(beim Sportheim &#8222;Paradies&#8220;)<br>74211 Leingarten<br>Tel. 07131 \/ 40 30 61<br>Fax 07131 \/ 6 42 54 51<br>info@heuchelbergtrail.de<br>\u00a0\u00a0\u00a0\u00a0<br>Registernummer im Vereinsregister des Amtsgerichts Stuttgart: 100535<br>Umsatzsteueridentifikationsnummer: DE145791579<br>\u00a0\u00a0<br><strong>Vertretungsberechtigte<\/strong><\/p>\n\n\n\n<p><strong>1. Vorstand<\/strong><br>Ulrich Heinle<\/p>\n\n\n\n<p><strong>2. Vorstand<\/strong><br>Peter Pietrasch<\/p>\n\n\n\n<p><br><br><br><a href=\"http:\/\/www.sportverein-leingarten.de\/index.php\/impressum\">Impressum des Veranstalters&nbsp;<\/a><\/p>\n\n\n\n<p><br>Organisationsleitung Heuchelbergtrail: Martin Krei\u00dfig \/\/ Sebastian Hauff<\/p>\n\n\n\n<p>DISCLAIMER:<br>Mit Urteil vom 12. Mai 1998 hat das Landgericht Hamburg entschieden, dass man durch die Ausbringung eines Links die Inhalte der gelinkten Seite gegebenenfalls mit zu verantworten hat. Dies kann &#8211; so das LG &#8211; nur dadurch verhindert werden, dass man sich ausdr\u00fccklich von diesen Inhalten distanziert. Von hier f\u00fchren Links zu anderen Seiten im Internet. Wir m\u00f6chten ausdr\u00fccklich betonen, dass wir keinerlei Einfluss auf die Gestaltung und die Inhalte der gelinkten Seiten und Foren haben. Aus diesem Grunde distanzieren wir uns hiermit ausdr\u00fccklich von allen Inhalten gelinkter Seiten und machen uns ihre Inhalte nicht zu Eigen. Diese Erkl\u00e4rung gilt f\u00fcr alle Links und f\u00fcr alle Inhalte der Seiten, zu denen bei uns gelinkte Inhalte f\u00fchren.<\/p>\n","protected":false},"excerpt":{"rendered":"<div class=\"mh-excerpt\"><p>VERANSTALTER &amp; AUSRICHTERSportverein Leingarten 1895 e.V.Egarten 2(beim Sportheim &#8222;Paradies&#8220;)74211 LeingartenTel. 07131 \/ 40 30 61Fax 07131 \/ 6 42 54 51info@heuchelbergtrail.de\u00a0\u00a0\u00a0\u00a0Registernummer im Vereinsregister des Amtsgerichts <a class=\"mh-excerpt-more\" href=\"http:\/\/www.heuchelbergtrail.de\/?page_id=140\" title=\"\/\/IMPRESSUM\">[&#8230;]<\/a><\/p>\n<\/div>","protected":false},"author":1,"featured_media":0,"parent":0,"menu_order":0,"comment_status":"closed","ping_status":"closed","template":"template-full.php","meta":{"footnotes":""},"class_list":["post-140","page","type-page","status-publish","hentry"],"_links":{"self":[{"href":"http:\/\/www.heuchelbergtrail.de\/index.php?rest_route=\/wp\/v2\/pages\/140","targetHints":{"allow":["GET"]}}],"collection":[{"href":"http:\/\/www.heuchelbergtrail.de\/index.php?rest_route=\/wp\/v2\/pages"}],"about":[{"href":"http:\/\/www.heuchelbergtrail.de\/index.php?rest_route=\/wp\/v2\/types\/page"}],"author":[{"embeddable":true,"href":"http:\/\/www.heuchelbergtrail.de\/index.php?rest_route=\/wp\/v2\/users\/1"}],"replies":[{"embeddable":true,"href":"http:\/\/www.heuchelbergtrail.de\/index.php?rest_route=%2Fwp%2Fv2%2Fcomments&post=140"}],"version-history":[{"count":5,"href":"http:\/\/www.heuchelbergtrail.de\/index.php?rest_route=\/wp\/v2\/pages\/140\/revisions"}],"predecessor-version":[{"id":1572,"href":"http:\/\/www.heuchelbergtrail.de\/index.php?rest_route=\/wp\/v2\/pages\/140\/revisions\/1572"}],"wp:attachment":[{"href":"http:\/\/www.heuchelbergtrail.de\/index.php?rest_route=%2Fwp%2Fv2%2Fmedia&parent=140"}],"curies":[{"name":"wp","href":"https:\/\/api.w.org\/{rel}","templated":true}]}}