{"id":142,"date":"2019-05-07T19:49:44","date_gmt":"2019-05-07T19:49:44","guid":{"rendered":"http:\/\/www.heuchelbergtrail.de\/?page_id=142"},"modified":"2021-11-10T22:11:31","modified_gmt":"2021-11-10T22:11:31","slug":"datenschutzerklaerung","status":"publish","type":"page","link":"http:\/\/www.heuchelbergtrail.de\/?page_id=142","title":{"rendered":"\/\/Datenschutzerkl\u00e4rung"},"content":{"rendered":"\n<p>Der Datenschutz des Heuchelbergtrail wird gem\u00e4\u00df der Europ\u00e4ischen Datenschutzgrundverordnung (EU-DSGVO) geregelt.<\/p>\n\n\n<button  href=\"#consent-change\" id=\"rcb-sc-link-change\" data-success-message=\"\" class=\"rcb-sc-link rcb-sc-link-change \">Privatsph\u00e4re-Einstellungen \u00e4ndern<\/button>\n\n\n<button  href=\"#consent-history\" id=\"rcb-sc-link-history\" data-success-message=\"\" class=\"rcb-sc-link rcb-sc-link-history \">Historie der Privatsph\u00e4re-Einstellungen<\/button>\n\n\n<button  href=\"#consent-revoke\" id=\"rcb-sc-link-revoke\" data-success-message=\"Du hast die Einwilligung erfolgreich widerrufen. Die Seite wird nun neu geladen.\" class=\"rcb-sc-link rcb-sc-link-revoke \">Einwilligungen widerrufen<\/button>\n\n\n\n<p><strong>Datenschutz<\/strong><\/p>\n\n\n\n<p><strong>1. Allgemeines<\/strong><br>Diese Datenschutzbestimmungen erg\u00e4nzen die Teilnahmebdingungen\/den Haftungsausschluss f\u00fcr den Heuchelbergtrail. Der Heuchelbergtrail erhebt, nutzt und verarbeitet Ihre personenbezogenen Daten unter Beachtung der EU Datenschutzgrundverordnung (im folgenden EU DSGVO). Sie ist verantwortliche Stelle im Sinne der EU DSGVO.<\/p>\n\n\n\n<p><strong>2. Erhebung, Verarbeitung und Nutzung personenbezogener Daten<\/strong><br>Personenbezogene Daten sind Informationen, die dazu genutzt werden k\u00f6nnen, Ihre Identit\u00e4t zu erfahren. Darunter fallen Informationen wie z. B. Name, Adresse, Postanschrift und E-Mail-Adresse. Wir erheben, verarbeiten und nutzen Ihre personenbezogenen Daten nur dann, wenn Sie uns diese zur Durchf\u00fchrung Ihrer Teilnahme am HTM im Rahmen der hierf\u00fcr notwendigen Registrierung mitteilen. Ihre angegebene Post- und E-Mail-Adresse verwenden wir auch, um mit Ihnen \u00fcber den Teilnahmestatus zu kommunizieren, unsere Datens\u00e4tze zu aktualisieren und Ihnen Veranstaltungsinformationen zukommen zu lassen.<\/p>\n\n\n\n<p><strong>3. SSL-Verschl\u00fcsselung<\/strong><br>Zum Schutz Ihrer pers\u00f6nlichen Daten verwenden wir auf unserer Webseite eine SSL-Verschl\u00fcsselung. Ihre Daten werden direkt bei der \u00dcbertragung verschl\u00fcsselt und alle datenschutzrelevanten Informationen werden in einer gesch\u00fctzten Datenbank in verschl\u00fcsselter Form abgelegt.<\/p>\n\n\n\n<p><strong>4. Widerspruchsrecht<\/strong><br>Durch einfache Mitteilung an eine unserer oben angegebenen Adressen k\u00f6nnen Sie auch der Verarbeitung und Nutzung Ihrer Daten widersprechen. Wir werden Ihre Daten sodann mit vollst\u00e4ndiger Abwicklung des letzten Vertrages\/der letzten Teilnahme f\u00fcr die weitere Verwendung sperren und nach Ablauf der steuer- und handelsrechtlichen Aufbewahrungsfristen l\u00f6schen, weisen jedoch darauf hin, dass in diesem Fall bei einer weiteren Teilnahme eine erneute Erhebung aller notwendigen Daten erforderlich wird.<\/p>\n\n\n\n<p><strong>5. Cookies\/Anonymisierte Auswertungen<\/strong><br>Cookies sind kleine Datens\u00e4tze, die von unserer Website auf Ihrer Festplatte gespeichert werden und die Wiedererkennung Ihres Computers bei Ihrem n\u00e4chsten Besuch erm\u00f6glichen. Wir ben\u00f6tigen diese Funktion, um einen besseren Service zu gew\u00e4hrleisten. Weiterhin nutzen wir die Cookies, um Frequenz, Seitennutzungs- und Marketing-Auswertungen durchzuf\u00fchren. F\u00fcr alle unsere Auswertungen verwenden wir diese Cookie-Informationen ausschlie\u00dflich ohne Verbindung zu Ihren pers\u00f6nlichen Adressdaten, insofern also vollst\u00e4ndig anonymisiert. Sie k\u00f6nnen Ihren Internetbrowser so einstellen, dass Sie \u00fcber das Speichern von Cookies informiert werden, in jedem Einzelfall selbst entscheiden, ob Sie Cookies akzeptieren wollen, oder Cookies in keinem Fall akzeptieren. Wenn Sie keine Cookies akzeptieren, kann es jedoch zu Einschr\u00e4nkungen der Nutzbarkeit unserer Website kommen. Bereits auf Ihrer Festplatte gespeicherte Cookies k\u00f6nnen Sie jederzeit wieder l\u00f6schen. N\u00e4heres erfahren Sie in der Bedienungsanleitung Ihres Internetbrowser-Programms.<\/p>\n\n\n\n<p><strong>6. Versand<\/strong><br>Sofern Sie bei uns eine Bestellung\/eine Buchung\/eine Anmeldung zur Teilnahme vorgenommen haben, werden Ihre Daten an das mit der Datenverarbeitung\/mit der Teilnehmerverwaltung beauftragte Unternehmen sowie an unseren mit der Zahlungsabwicklung beauftragten Kooperationspartner weitergegeben, soweit dieses erforderlich ist.<\/p>\n\n\n\n<p><strong>7. Einbindung von Social Plugins<\/strong><br>Unsere Webseite verwendet Social Plugins des sozialen Netzwerks Facebook. Um eine Daten\u00fcbertragung an diese Netzwerke zu erm\u00f6glichen, m\u00fcssen Sie den Button Facebook auf der Startseite der Homepage www.trollinger-marathon.de explizit ausw\u00e4hlen.<\/p>\n\n\n\n<p><strong>Facebook Social Plugins (\u201eLike-Button\u201c)<\/strong><br>Der \u201eLike-Button\u201c ist einer der Plugins des sozialen Netzwerkes Facebook, welches von der Facebook Inc., 1601 S. California Ave, Palo Alto, CA 94304, USA betrieben wird. Eine \u00dcbersicht \u00fcber die Facebook-Plugins finden Sie unter&nbsp;<a rel=\"noreferrer noopener\" href=\"http:\/\/developers.facebook.com\/docs\/plugins\/\" target=\"_blank\">developers.facebook.com\/docs\/plugins\/<\/a>.<br>Zun\u00e4chst erscheint auf unserer Webseite nur eine Verlinkung auf www.facebook.com\/trollinger.marathon. Wenn Sie diesen Link aktivieren, erteilen Sie die Zustimmung zur Kommunikation mit Facebook und es erscheint der Facebook-\u201eLike-Button\u201c. Nach der Aktivierung des \u201eLike-Buttons\u201c k\u00f6nnen Sie die Empfehlung an Facebook \u00fcbermitteln, indem Sie mittels eines zweiten Klicks den \u201eLike-Button\u201c bet\u00e4tigen.<br>Ihr Browser baut dann eine direkte Verbindung mit den Servern von Facebook in den USA auf. Wir haben dabei keinen Einfluss auf den Umfang der Daten, die Facebook mittels der Plugins erhebt und nutzt. Nach aktuellem Kenntnisstand handelt es sich um folgende Daten: besuchte Seiten, die das Facebook-Plugin enth\u00e4lt; Browsertyp und -Version; verwendetes Betriebssystem; die zuvor besuchte Webseite; Ihre IP-Adresse; Uhrzeit der Serveranfrage. Weitere Informationen zur Erhebung und Weiterverarbeitung Ihrer Daten durch Facebook finden Sie unter&nbsp;<a rel=\"noreferrer noopener\" href=\"http:\/\/www.facebook.com\/about\/privacy\/\" target=\"_blank\">www.facebook.com\/about\/privacy\/<\/a>.<br>Diese Informationen werden auch dann an Facebook in den USA \u00fcbermittelt und auf den dortigen Servern gespeichert, wenn Sie kein Facebook-Konto besitzen oder nicht bei Facebook eingeloggt sind.<br>Besitzen Sie ein Facebook-Konto und sind zum gleichen Zeitpunkt der Bet\u00e4tigung des \u201eLike-Buttons\u201c eingeloggt, verlinkt Ihre Empfehlung mittels des zweiten Klicks die Inhalte unserer Webseite mit Ihrem Profil bei Facebook. Diese Inhalte sind sodann entsprechend der von Ihnen vorgenommenen Privatsph\u00e4re-Einstellungen bei Facebook f\u00fcr andere sichtbar. Durch die Aktivierung werden diese Informationen direkt an Facebook \u00fcbermittelt und auf den dortigen Servern gespeichert.<br>Wenn Sie w\u00e4hrend des Besuchs unserer Webseiten eine Verlinkung der Daten mit Ihrem Facebook-Konto vermeiden wollen, loggen Sie sich bitte bei Facebook aus, bevor Sie unsere Webseiten besuchen. Dar\u00fcber hinaus k\u00f6nnen die Facebook-Plugins \u00fcber Add-Ons f\u00fcr den eigenen Browser geblockt werden. Weitere Informationen hierzu erhalten Sie auf den AddOn-Seiten Ihres Browsers.<\/p>\n\n\n\n<p><strong>8. Verwendung von Google Analytics<\/strong><br>Diese Website benutzt Google Analytics, einen Webanalysedienst der Google Inc. (\u201eGoogle\u201c). Google Analytics verwendet sog. \u201eCookies\u201c, Textdateien, die auf Ihrem Computer gespeichert werden und die eine Analyse der Benutzung der Website durch Sie erm\u00f6glichen. Die durch das Cookie erzeugten Informationen \u00fcber Ihre Benutzung dieser Website werden in der Regel an einen Server von Google in den USA \u00fcbertragen und dort gespeichert. Im Falle der Aktivierung der IP-Anonymisierung auf dieser Website, wird Ihre IP-Adresse von Google jedoch innerhalb von Mitgliedstaaten der Europ\u00e4ischen Union oder in anderen Vertragsstaaten des Abkommens \u00fcber den Europ\u00e4ischen Wirtschaftsraum zuvor gek\u00fcrzt. Nur in Ausnahmef\u00e4llen wird die volle IP-Adresse an einen Server von Google in den USA \u00fcbertragen und dort gek\u00fcrzt.<br>Im Auftrag des Betreibers dieser Website wird Google diese Informationen benutzen, um Ihre Nutzung der Website auszuwerten, um Reports \u00fcber die Websiteaktivit\u00e4ten zusammenzustellen und um weitere mit der Websitenutzung und der Internetnutzung verbundene Dienstleistungen gegen\u00fcber dem Websitebetreiber zu erbringen. Die im Rahmen von Google Analytics von Ihrem Browser \u00fcbermittelte IP-Adresse wird nicht mit anderen Daten von Google zusammengef\u00fchrt.<br>Sie k\u00f6nnen die Speicherung der Cookies durch eine entsprechende Einstellung Ihrer Browser-Software verhindern; wir weisen Sie jedoch darauf hin, dass Sie in diesem Fall gegebenenfalls nicht s\u00e4mtliche Funktionen dieser Website vollumf\u00e4nglich werden nutzen k\u00f6nnen. Sie k\u00f6nnen dar\u00fcber hinaus die Erfassung der durch das Cookie erzeugten und auf Ihre Nutzung der Website bezogenen Daten (inkl. Ihrer IP-Adresse) an Google sowie die Verarbeitung dieser Daten durch Google verhindern, indem Sie das unter dem folgenden Link (http:\/\/tools.google.com\/dlpage\/gaoptout?hl=de) verf\u00fcgbare Browser-Plugin herunterladen und installieren.<br>(Text: www.datenschutzbeauftragter-info.de)<\/p>\n\n\n\n<p><strong>9. Auskunftsrecht<\/strong><br>Sie k\u00f6nnen nach den Vorschriften der EU DSGVO unentgeltlich Auskunft \u00fcber Ihre gespeicherten Daten sowie ggf. Berichtigung, Sperrung oder L\u00f6schung dieser Daten verlangen.<\/p>\n\n\n\n<p><strong>10. Kontakt f\u00fcr Datenschutzfragen<\/strong><br>Sollten Sie Fragen zur Erhebung, Verarbeitung und Nutzung Ihrer personenbezogenen Daten haben oder von Ihren Rechten auf Daten\u00fcbertragung, Auskunft, Berichtigung, Sperrung, L\u00f6schung, Widerruf oder Widerspruch Gebrauch machen wollen, wenden Sie sich bitte an datenschutz@heuchelbergtrail.de oder an den SV Leingarten &#8211; Heuchelbergtrail, Egarten 2, 74211 Leingarten.<\/p>\n","protected":false},"excerpt":{"rendered":"<div class=\"mh-excerpt\"><p>Der Datenschutz des Heuchelbergtrail wird gem\u00e4\u00df der Europ\u00e4ischen Datenschutzgrundverordnung (EU-DSGVO) geregelt. Datenschutz 1. AllgemeinesDiese Datenschutzbestimmungen erg\u00e4nzen die Teilnahmebdingungen\/den Haftungsausschluss f\u00fcr den Heuchelbergtrail. Der Heuchelbergtrail erhebt, <a class=\"mh-excerpt-more\" href=\"http:\/\/www.heuchelbergtrail.de\/?page_id=142\" title=\"\/\/Datenschutzerkl\u00e4rung\">[&#8230;]<\/a><\/p>\n<\/div>","protected":false},"author":1,"featured_media":0,"parent":0,"menu_order":0,"comment_status":"closed","ping_status":"closed","template":"template-full.php","meta":{"footnotes":""},"class_list":["post-142","page","type-page","status-publish","hentry"],"_links":{"self":[{"href":"http:\/\/www.heuchelbergtrail.de\/index.php?rest_route=\/wp\/v2\/pages\/142","targetHints":{"allow":["GET"]}}],"collection":[{"href":"http:\/\/www.heuchelbergtrail.de\/index.php?rest_route=\/wp\/v2\/pages"}],"about":[{"href":"http:\/\/www.heuchelbergtrail.de\/index.php?rest_route=\/wp\/v2\/types\/page"}],"author":[{"embeddable":true,"href":"http:\/\/www.heuchelbergtrail.de\/index.php?rest_route=\/wp\/v2\/users\/1"}],"replies":[{"embeddable":true,"href":"http:\/\/www.heuchelbergtrail.de\/index.php?rest_route=%2Fwp%2Fv2%2Fcomments&post=142"}],"version-history":[{"count":6,"href":"http:\/\/www.heuchelbergtrail.de\/index.php?rest_route=\/wp\/v2\/pages\/142\/revisions"}],"predecessor-version":[{"id":1431,"href":"http:\/\/www.heuchelbergtrail.de\/index.php?rest_route=\/wp\/v2\/pages\/142\/revisions\/1431"}],"wp:attachment":[{"href":"http:\/\/www.heuchelbergtrail.de\/index.php?rest_route=%2Fwp%2Fv2%2Fmedia&parent=142"}],"curies":[{"name":"wp","href":"https:\/\/api.w.org\/{rel}","templated":true}]}}